{"id":36,"date":"2021-02-22T00:01:28","date_gmt":"2021-02-21T20:31:28","guid":{"rendered":"https:\/\/cmpa.io\/en\/?page_id=36"},"modified":"2021-02-23T03:59:01","modified_gmt":"2021-02-23T00:29:01","slug":"links","status":"publish","type":"page","link":"https:\/\/cmpa.io\/en\/links\/","title":{"rendered":"Links"},"content":{"rendered":"\n<div class=\"wp-block-image\"><figure class=\"aligncenter size-large is-resized\"><img loading=\"lazy\" decoding=\"async\" src=\"https:\/\/cmpa.io\/en\/wp-content\/uploads\/sites\/2\/2021\/02\/\u06f1-1024x519.jpg\" alt=\"\" class=\"wp-image-309\" width=\"316\" height=\"159\"\/><\/figure><\/div>\n\n\n\n<p class=\"has-text-align-center\"><strong>International Links<\/strong><\/p>\n\n\n\n<p class=\"has-text-align-center\"><strong>Support the People&#8217;s War in India<br><\/strong><a href=\"https:\/\/icspwindia.wordpress.com\/\n\">https:\/\/icspwindia.wordpress.com\/<br><\/a><a href=\"https:\/\/icspwindia.wordpress.com\/category\/cpimaoist\/\">https:\/\/icspwindia.wordpress.com\/category\/cpimaoist\/<\/a><\/p>\n\n\n\n<p class=\"has-text-align-center\"><strong>Proletaria Comunisti Maoist (Italian)<br><\/strong><a href=\"https:\/\/proletaricomunisti.blogspot.com\/\">https:\/\/proletaricomunisti.blogspot.com\/<\/a><\/p>\n\n\n\n<p class=\"has-text-align-center\"><strong>Maoist Road<br><\/strong><a href=\"https:\/\/maoistroad.blogspot.com\/\">https:\/\/maoistroad.blogspot.com\/<\/a><\/p>\n\n\n\n<p class=\"has-text-align-center\"><strong>Party of Communist Maoists of France<br><\/strong><a href=\"http:\/\/drapeaurouge.over-blog.com\/\">http:\/\/drapeaurouge.over-blog.com\/<\/a><\/p>\n\n\n\n<p class=\"has-text-align-center\"><strong>Red Spark<br><\/strong><a href=\"https:\/\/www.redspark.nu\/en\/\">https:\/\/www.redspark.nu\/en\/<\/a><\/p>\n\n\n\n<p class=\"has-text-align-center\"><strong>PCR-RCP-CANADA<br><\/strong><a href=\"http:\/\/www.pcrrcp.ca\/en\/\">http:\/\/www.pcrrcp.ca\/en\/<\/a><\/p>\n\n\n\n<p class=\"has-text-align-center\"><strong>Revolutionary Communist Party (Canada)<br><\/strong><a href=\"http:\/\/www.pcr-rcp.ca\/\n\">http:\/\/www.pcr-rcp.ca\/<br><\/a><strong>Partai Komunis Indonesia<br><\/strong><a href=\"https:\/\/pki-maois.wixsite.com\/pki-maois?fbclid=IwAR3Kc9uCJikBQD-enUKk5Gwt7UYuqVgTszhiUOB5M7IG52DmtjGLnWqb43s\">https:\/\/pki-maois.wixsite.com\/pki-maois?fbclid=IwAR3Kc9uCJikBQD-enUKk5Gwt7UYuqVgTszhiUOB5M7IG52DmtjGLnWqb43s<\/a><\/p>\n\n\n\n<p class=\"has-text-align-center\"><strong>Stop Police Brutality, Repression and the Criminalization of a Generation<br><\/strong><a href=\"http:\/\/www.october22.org\/\">http:\/\/www.october22.org\/<\/a><\/p>\n\n\n\n<p class=\"has-text-align-center\"><strong>Turkiye Komunist Partisi \u2013 Marksist Leninist<br><\/strong><a href=\"https:\/\/www.tkpml.com\/\">https:\/\/www.tkpml.com\/<\/a><\/p>\n\n\n\n<p class=\"has-text-align-center\"><strong>Marxist \u2013 Leninist \u2013 Maoists of Tunis<br><\/strong><a href=\"http:\/\/redstar-tu.blogspot.com\/\">http:\/\/redstar-tu.blogspot.com\/<\/a><\/p>\n\n\n\n<p class=\"has-text-align-center\"><strong>Iraqi Revolutionary Maoist Organization (Red Star Front)<br><\/strong><a href=\"http:\/\/iraqirevolutionarymaoistorganization.blogspot.com\/\">http:\/\/iraqirevolutionarymaoistorganization.blogspot.com\/<\/a><\/p>\n\n\n\n<p class=\"has-text-align-center\"><strong>Revolutionary Student Movement<br><\/strong><a href=\"https:\/\/mer-rsm.ca\/\">https:\/\/mer-rsm.ca\/<\/a><\/p>\n\n\n\n<p class=\"has-text-align-center\"><strong>China Marxist \u2013 Leninist \u2013 Maoists Library<br><\/strong><a href=\"https:\/\/maozhuyi.home.blog\/\">https:\/\/maozhuyi.home.blog\/<\/a><\/p>\n\n\n\n<p class=\"has-text-align-center\"><strong>New Epoch Media<br><\/strong><a href=\"https:\/\/www.newepoch.media\/\">https:\/\/www.newepoch.media\/<\/a><\/p>\n\n\n\n<p class=\"has-text-align-center\"><strong>Antifascist Action \u2013 Info<br><\/strong><a href=\"https:\/\/afainfoblatt.com\/\">https:\/\/afainfoblatt.com\/<\/a><\/p>\n\n\n\n<p class=\"has-text-align-center\"><strong>Austria (in German)- Red Front Collective<br><\/strong><a href=\"https:\/\/rotfrontkollektiv.wordpress.com\/\">https:\/\/rotfrontkollektiv.wordpress.com\/<\/a><\/p>\n\n\n\n<p class=\"has-text-align-center\"><strong>Bolivia (in Spanish) -Analysis and Opinion<br><\/strong><a href=\"https:\/\/analisisopinion.wordpress.com\/\">https:\/\/analisisopinion.wordpress.com\/<\/a><\/p>\n\n\n\n<p class=\"has-text-align-center\"><strong>Revolutionary Front of the People M-L-M of Bolivia<br><\/strong><a href=\"https:\/\/frpbolivia.wordpress.com\/\">https:\/\/frpbolivia.wordpress.com\/<\/a><\/p>\n\n\n\n<p class=\"has-text-align-center\"><strong>Brazil (in Portuguese) &#8211; The New Democracy<br><\/strong><a href=\"http:\/\/www.anovademocracia.com.br\/\">http:\/\/www.anovademocracia.com.br\/<\/a><\/p>\n\n\n\n<p class=\"has-text-align-center\"><strong>Workers League<br><\/strong><a href=\"http:\/\/www.ligaoperaria.org.br\/1\/\">http:\/\/www.ligaoperaria.org.br\/1\/<\/a><\/p>\n\n\n\n<p class=\"has-text-align-center\"><strong>Poor Peasants League<br><\/strong><a href=\"http:\/\/www.resistenciacamponesa.com\/\">http:\/\/www.resistenciacamponesa.com\/<\/a><\/p>\n\n\n\n<p class=\"has-text-align-center\"><strong>Peoples Women Movement<br><\/strong><a href=\"https:\/\/brasilmfp.blogspot.com\/\">https:\/\/brasilmfp.blogspot.com\/<\/a><\/p>\n\n\n\n<p class=\"has-text-align-center\"><strong>Movimento Feminino Popular Rio<br><\/strong><a href=\"https:\/\/mfprio.wordpress.com\/\">https:\/\/mfprio.wordpress.com\/<\/a><\/p>\n\n\n\n<p class=\"has-text-align-center\"><strong>Red Unit \u2013 Youth League<br><\/strong><a href=\"http:\/\/www.unidadevermelha.com\/\">http:\/\/www.unidadevermelha.com\/<\/a><\/p>\n\n\n\n<p class=\"has-text-align-center\"><strong>Brazilian Centre of Solidarity to the Peoples<br><\/strong><a href=\"https:\/\/cebraspo.blogspot.de\/\">https:\/\/cebraspo.blogspot.de\/<\/a><\/p>\n\n\n\n<p class=\"has-text-align-center\"><strong>Catalonia (in Spanish) \u2013 The victory of the oppressed and exploited<br><\/strong><a href=\"https:\/\/victoriaoprimidos.wordpress.com\">https:\/\/victoriaoprimidos.wordpress.com<\/a><\/p>\n\n\n\n<p class=\"has-text-align-center\"><strong>Chile (in Spanish) \u2013 El Pueblo Newspaper<br><\/strong><a href=\"http:\/\/elpueblo.cl\/\">http:\/\/elpueblo.cl\/<\/a><\/p>\n\n\n\n<p class=\"has-text-align-center\"><strong>Frente de Estudiantes Revolucionario y Popular (FERP) \u2013 Revolutionary and Peoples Students\u2019 Front<br><\/strong><a href=\"http:\/\/ferp-larebelionsejustifica.blogspot.de\/\">http:\/\/ferp-larebelionsejustifica.blogspot.de\/<\/a><\/p>\n\n\n\n<p class=\"has-text-align-center\"><strong>Colombia (in Spanish) \u2013 The Commune<br><\/strong><a href=\"https:\/\/elcomuneroprensa.wordpress.com\/\">https:\/\/elcomuneroprensa.wordpress.com\/<\/a><\/p>\n\n\n\n<p class=\"has-text-align-center\"><strong>Maoist Organisation for the Reconstitution of the Communist Party of Colombia<br><\/strong><a href=\"http:\/\/organizacionmaoista.blogspot.de\/\">http:\/\/organizacionmaoista.blogspot.de\/<\/a><\/p>\n\n\n\n<p class=\"has-text-align-center\"><strong>Denmark (in Danish)\u2013 Socialist Revolution<br><\/strong><a href=\"https:\/\/socialistiskrevolution.wordpress.com\/\">https:\/\/socialistiskrevolution.wordpress.com\/<\/a><\/p>\n\n\n\n<p class=\"has-text-align-center\"><strong>Communist Library<br><\/strong><a href=\"http:\/\/maoismen.wordpress.com\">http:\/\/maoismen.wordpress.com<\/a><\/p>\n\n\n\n<p class=\"has-text-align-center\"><strong>Ecuador (in Spanish) \u2013 Front for the Defence of the People\u2019s Struggle<br><\/strong><a href=\"http:\/\/fdlp-ec.blogspot.de\/\">http:\/\/fdlp-ec.blogspot.de\/<\/a><\/p>\n\n\n\n<p class=\"has-text-align-center\"><strong>Communist Party of Ecuador \u2013 Red Sun<br><\/strong><a href=\"http:\/\/pukainti.blogspot.com\/\">http:\/\/pukainti.blogspot.com\/<\/a><\/p>\n\n\n\n<p class=\"has-text-align-center\"><strong>Finland (in Finnish) \u2013 Red Flag<br><\/strong><a href=\"https:\/\/punalippu.noblogs.org\/\">https:\/\/punalippu.noblogs.org\/<\/a><\/p>\n\n\n\n<p class=\"has-text-align-center\"><strong>France (in French) \u2013 Maoist Communist Party<br><\/strong><a href=\"http:\/\/www.pcmaoiste.org\/\">http:\/\/www.pcmaoiste.org\/<\/a><\/p>\n\n\n\n<p class=\"has-text-align-center\"><strong>France &#8211; Revolutionary Antifascist Front of Provence<br><\/strong><a href=\"https:\/\/fraprovence.wordpress.com\/\">https:\/\/fraprovence.wordpress.com\/<\/a><\/p>\n\n\n\n<p class=\"has-text-align-center\"><strong>Galicia (in Spanish) \u2013 Red Dazibao<br><\/strong><a href=\"http:\/\/dazibaorojo08.blogspot.de\/\">http:\/\/dazibaorojo08.blogspot.de\/<\/a><\/p>\n\n\n\n<p class=\"has-text-align-center\"><strong>Germany (in German and English)\u2013 Serve the People<br><\/strong><a href=\"https:\/\/demvolkedienen.org\n\">https:\/\/demvolkedienen.org<br><\/a><strong>Greece (in Greek) \u2013 Resistance in the neighbourhood<br><\/strong><a href=\"https:\/\/antigeitonies.blogspot.de\/\">https:\/\/antigeitonies.blogspot.de\/<\/a><\/p>\n\n\n\n<p class=\"has-text-align-center\"><strong>Red Voices of India<br><\/strong><a href=\"http:\/\/redvoicesofindia.secoursrouge.org\/\">http:\/\/redvoicesofindia.secoursrouge.org\/<\/a><\/p>\n\n\n\n<p class=\"has-text-align-center\"><strong>Italy (in Italian) \u2013 Proletarian Communists (PCm)<br><\/strong><a href=\"http:\/\/proletaricomunisti.blogspot.de\/\">http:\/\/proletaricomunisti.blogspot.de\/<\/a><\/p>\n\n\n\n<p class=\"has-text-align-center\"><strong>Mexico (in Spanish) \u2013 Red Sun<br><\/strong><a href=\"http:\/\/solrojista.blogspot.de\/\">http:\/\/solrojista.blogspot.de\/<\/a><\/p>\n\n\n\n<p class=\"has-text-align-center\"><strong>Norway (in Norwegian) \u2013 Serve the People<br><\/strong><a href=\"https:\/\/maoist.home.blog\/\">https:\/\/maoist.home.blog\/<\/a><\/p>\n\n\n\n<p class=\"has-text-align-center\"><strong>Tjen Folket Media<br><\/strong><a href=\"http:\/\/tjen-folket.no\/\">http:\/\/tjen-folket.no\/<\/a><\/p>\n\n\n\n<p class=\"has-text-align-center\"><strong>Philippine Revolution Web Central<br><\/strong><a href=\"https:\/\/www.philippinerevolution.info\/\">https:\/\/www.philippinerevolution.info\/<\/a><\/p>\n\n\n\n<p class=\"has-text-align-center\"><strong>Peru (in Spanish) Association New Democracy<br><\/strong><a href=\"http:\/\/vnd-peru.blogspot.de\/\">http:\/\/vnd-peru.blogspot.de\/<\/a><\/p>\n\n\n\n<p class=\"has-text-align-center\"><strong>Bandera Roja \u2013 Red Flag<br><\/strong><a href=\"http:\/\/www.banderaroja.org\/\">http:\/\/www.banderaroja.org\/<\/a><\/p>\n\n\n\n<p class=\"has-text-align-center\"><strong>Sweden (in Swedish) \u2013 Communist Association<br><\/strong><a href=\"http:\/\/kommunisten.nu\/\">http:\/\/kommunisten.nu\/<\/a><\/p>\n\n\n\n<p class=\"has-text-align-center\"><strong>Communist Workers\u2019 Commune<br><\/strong><a href=\"http:\/\/kommak.org\/\">http:\/\/kommak.org\/<\/a><\/p>\n\n\n\n<p class=\"has-text-align-center\"><strong>Pr\u00e4riebrand \u2013 Prairie fire<br><\/strong><a href=\"https:\/\/prariebrand.wordpress.com\/\">https:\/\/prariebrand.wordpress.com\/<\/a><\/p>\n\n\n\n<p class=\"has-text-align-center\"><strong>Committee for Chairman Gonzalo<br><\/strong><a href=\"http:\/\/peru-information.blogspot.de\/\">http:\/\/peru-information.blogspot.de\/<\/a><\/p>\n\n\n\n<p class=\"has-text-align-center\"><strong>(Switzerland) \u2013 Red Star<br><\/strong><a href=\"https:\/\/rssers.wordpress.com\/\">https:\/\/rssers.wordpress.com\/<\/a><\/p>\n\n\n\n<p class=\"has-text-align-center\"><strong>(Switzerland) \u2013 Struggle and criticism<br><\/strong><a href=\"https:\/\/kampfundkritik.wordpress.com\/\">https:\/\/kampfundkritik.wordpress.com\/<\/a><\/p>\n\n\n\n<p class=\"has-text-align-center\"><strong>Turkey (in German\/Turkish) &#8211; Avrupa Haber<br><\/strong><a href=\"http:\/\/www.www.avrupahaber6.org\/\">http:\/\/www.www.avrupahaber6.org\/<\/a><\/p>\n\n\n\n<p class=\"has-text-align-center\"><strong>ATIK \u2013 Confederation of workers from Turkey in Europe<br><\/strong><a href=\"http:\/\/www.atik-online.net\/\">http:\/\/www.atik-online.net\/<\/a><\/p>\n\n\n\n<p class=\"has-text-align-center\"><strong>ADHK \u2013 Confederation for Democratic Rights in Europe<br><\/strong><a href=\"http:\/\/adhk.de\/\">http:\/\/adhk.de\/<\/a><\/p>\n\n\n\n<p class=\"has-text-align-center\"><strong>\u0130\u015f\u00e7i K\u00f6yl\u00fc Kurtulu\u015fu Dergisi<br><\/strong><a href=\"http:\/\/ikk-online1.net\/\">http:\/\/ikk-online1.net\/<\/a><\/p>\n\n\n\n<p class=\"has-text-align-center\"><strong>Kaypakkaya Partizan<br><\/strong><a href=\"http:\/\/www.kaypakkayahaber.com\/\">http:\/\/www.kaypakkayahaber.com\/<\/a><\/p>\n\n\n\n<p class=\"has-text-align-center\"><strong>Partizan Media<br><\/strong><a href=\"http:\/\/www.partizanmedya.net\/\">http:\/\/www.partizanmedya.net\/<\/a><\/p>\n\n\n\n<p class=\"has-text-align-center\"><strong>Yeni Demokrasi \u2013 New Democracy<br><\/strong><a href=\"http:\/\/www.yenidemokrasi7.net\/\">http:\/\/www.yenidemokrasi7.net\/<\/a><\/p>\n\n\n\n<p class=\"has-text-align-center\"><strong>Partizan<br><\/strong><a href=\"http:\/\/www.partizansehit4.net\/\">http:\/\/www.partizansehit4.net\/<\/a><\/p>\n\n\n\n<p class=\"has-text-align-center\"><strong>Partizan arsiv \u2013 Partizan Archive<br><\/strong><a href=\"http:\/\/partizanarsiv2.net\/\">http:\/\/partizanarsiv2.net\/<\/a><\/p>\n\n\n\n<p class=\"has-text-align-center\"><strong>Partizan MLM<br><\/strong><a href=\"http:\/\/www.partizanmlm8.net\/\">http:\/\/www.partizanmlm8.net\/<\/a><\/p>\n\n\n\n<p class=\"has-text-align-center\"><strong>United States (in English) Tribune of the People<br><\/strong><a href=\"https:\/\/tribuneofthepeople.news\/\">https:\/\/tribuneofthepeople.news\/<\/a><\/p>\n\n\n\n<hr class=\"wp-block-separator is-style-dots\"\/>\n\n\n\n<p class=\"has-text-align-center\"><strong>VIDEO AND FILEM<\/strong><\/p>\n\n\n\n<p><strong>1969 Ninth Congress of the Chinese Communist Party<\/strong><\/p>\n\n\n\n<figure class=\"wp-block-embed aligncenter is-type-video is-provider-youtube wp-block-embed-youtube wp-embed-aspect-4-3 wp-has-aspect-ratio\"><div class=\"wp-block-embed__wrapper\">\n<iframe loading=\"lazy\" title=\"9th Congress 1969\" width=\"640\" height=\"480\" src=\"https:\/\/www.youtube.com\/embed\/TxWm0RW6nj4?feature=oembed\" frameborder=\"0\" allow=\"accelerometer; autoplay; clipboard-write; encrypted-media; gyroscope; picture-in-picture; web-share\" referrerpolicy=\"strict-origin-when-cross-origin\" allowfullscreen><\/iframe>\n<\/div><\/figure>\n\n\n\n<hr class=\"wp-block-separator is-style-dots\"\/>\n\n\n\n<p><strong>The film is about the death of Chairman Mao Zedong and the mourning of the people<\/strong><\/p>\n\n\n\n<figure class=\"wp-block-embed aligncenter is-type-video is-provider-youtube wp-block-embed-youtube wp-embed-aspect-4-3 wp-has-aspect-ratio\"><div class=\"wp-block-embed__wrapper\">\n<iframe loading=\"lazy\" title=\"Funeral of Mao 1976\" width=\"640\" height=\"480\" src=\"https:\/\/www.youtube.com\/embed\/raZmROeAo1o?feature=oembed\" frameborder=\"0\" allow=\"accelerometer; autoplay; clipboard-write; encrypted-media; gyroscope; picture-in-picture; web-share\" referrerpolicy=\"strict-origin-when-cross-origin\" allowfullscreen><\/iframe>\n<\/div><\/figure>\n\n\n\n<hr class=\"wp-block-separator is-style-dots\"\/>\n\n\n\n<p><strong>Video of the Village Education\u00a0 by chairman Mao Zedong<\/strong><\/p>\n\n\n\n<figure class=\"wp-block-embed aligncenter is-type-video is-provider-youtube wp-block-embed-youtube wp-embed-aspect-4-3 wp-has-aspect-ratio\"><div class=\"wp-block-embed__wrapper\">\n<iframe loading=\"lazy\" title=\"Educated Youth in the Countryside 1974\" width=\"640\" height=\"480\" src=\"https:\/\/www.youtube.com\/embed\/l1kh9kcXU2c?feature=oembed\" frameborder=\"0\" allow=\"accelerometer; autoplay; clipboard-write; encrypted-media; gyroscope; picture-in-picture; web-share\" referrerpolicy=\"strict-origin-when-cross-origin\" allowfullscreen><\/iframe>\n<\/div><\/figure>\n","protected":false},"excerpt":{"rendered":"<p>International Links Support the People&#8217;s War in Indiahttps:\/\/icspwindia.wordpress.com\/https:\/\/icspwindia.wordpress.com\/category\/cpimaoist\/ Proletaria Comunisti Maoist (Italian)https:\/\/proletaricomunisti.blogspot.com\/ Maoist Roadhttps:\/\/maoistroad.blogspot.com\/ Party of Communist Maoists of Francehttp:\/\/drapeaurouge.over-blog.com\/ Red Sparkhttps:\/\/www.redspark.nu\/en\/ PCR-RCP-CANADAhttp:\/\/www.pcrrcp.ca\/en\/ Revolutionary Communist Party (Canada)http:\/\/www.pcr-rcp.ca\/Partai Komunis Indonesiahttps:\/\/pki-maois.wixsite.com\/pki-maois?fbclid=IwAR3Kc9uCJikBQD-enUKk5Gwt7UYuqVgTszhiUOB5M7IG52DmtjGLnWqb43s Stop Police Brutality, Repression and the Criminalization of a Generationhttp:\/\/www.october22.org\/ Turkiye Komunist Partisi \u2013 Marksist Leninisthttps:\/\/www.tkpml.com\/ Marxist \u2013 Leninist \u2013 Maoists of Tunishttp:\/\/redstar-tu.blogspot.com\/ Iraqi Revolutionary Maoist [&hellip;]<\/p>\n","protected":false},"author":1,"featured_media":0,"parent":0,"menu_order":0,"comment_status":"closed","ping_status":"closed","template":"","meta":{"footnotes":""},"class_list":["post-36","page","type-page","status-publish","hentry"],"_links":{"self":[{"href":"https:\/\/cmpa.io\/en\/wp-json\/wp\/v2\/pages\/36"}],"collection":[{"href":"https:\/\/cmpa.io\/en\/wp-json\/wp\/v2\/pages"}],"about":[{"href":"https:\/\/cmpa.io\/en\/wp-json\/wp\/v2\/types\/page"}],"author":[{"embeddable":true,"href":"https:\/\/cmpa.io\/en\/wp-json\/wp\/v2\/users\/1"}],"replies":[{"embeddable":true,"href":"https:\/\/cmpa.io\/en\/wp-json\/wp\/v2\/comments?post=36"}],"version-history":[{"count":7,"href":"https:\/\/cmpa.io\/en\/wp-json\/wp\/v2\/pages\/36\/revisions"}],"predecessor-version":[{"id":319,"href":"https:\/\/cmpa.io\/en\/wp-json\/wp\/v2\/pages\/36\/revisions\/319"}],"wp:attachment":[{"href":"https:\/\/cmpa.io\/en\/wp-json\/wp\/v2\/media?parent=36"}],"curies":[{"name":"wp","href":"https:\/\/api.w.org\/{rel}","templated":true}]}}